{"id":9,"date":"2025-05-21T06:57:03","date_gmt":"2025-05-21T06:57:03","guid":{"rendered":"https:\/\/fontaneros-lamatanza.tenerife.uno\/?page_id=9"},"modified":"2025-07-02T12:45:42","modified_gmt":"2025-07-02T12:45:42","slug":"electricista-adeje-instalaciones-electricas-reparacion-averias","status":"publish","type":"page","link":"https:\/\/fontaneros-lamatanza.tenerife.uno\/","title":{"rendered":"Fontaneros Urgente Tenerife &#8211; Servicio urgente de desatascos 24 horas en Tenerife"},"content":{"rendered":"","protected":false},"excerpt":{"rendered":"","protected":false},"author":1,"featured_media":0,"parent":0,"menu_order":0,"comment_status":"closed","ping_status":"closed","template":"","meta":{"footnotes":""},"class_list":["post-9","page","type-page","status-publish","hentry"],"yoast_head":"<!-- This site is optimized with the Yoast SEO plugin v27.4 - https:\/\/yoast.com\/product\/yoast-seo-wordpress\/ -->\n<title>Fontaneros Urgente Tenerife - Servicio urgente de desatascos 24 horas en Tenerife - Fontaneros Tenerife<\/title>\n<meta name=\"description\" content=\"Detecci\u00f3n de fugas de agua con equipos de precisi\u00f3n en Tenerife \u2013 C\u00e1maras termogr\u00e1ficas. Reparaci\u00f3n reventones tuber\u00edas bajantes Tenerife.\" \/>\n<meta name=\"robots\" content=\"noindex, follow, max-snippet:-1, max-image-preview:large, max-video-preview:-1\" \/>\n<meta property=\"og:locale\" content=\"es_ES\" \/>\n<meta property=\"og:type\" content=\"article\" \/>\n<meta property=\"og:title\" content=\"Fontaneros Urgente Tenerife - Servicio urgente de desatascos 24 horas en Tenerife - Fontaneros Tenerife\" \/>\n<meta property=\"og:description\" content=\"Detecci\u00f3n de fugas de agua con equipos de precisi\u00f3n en Tenerife \u2013 C\u00e1maras termogr\u00e1ficas. Reparaci\u00f3n reventones tuber\u00edas bajantes Tenerife.\" \/>\n<meta property=\"og:url\" content=\"https:\/\/fontaneros-lamatanza.tenerife.uno\/\" \/>\n<meta property=\"og:site_name\" content=\"Fontaneros Tenerife\" \/>\n<meta property=\"article:modified_time\" content=\"2025-07-02T12:45:42+00:00\" \/>\n<meta name=\"twitter:card\" content=\"summary_large_image\" \/>\n<meta name=\"twitter:label1\" content=\"Tiempo de lectura\" \/>\n\t<meta name=\"twitter:data1\" content=\"1 minuto\" \/>\n<script type=\"application\/ld+json\" class=\"yoast-schema-graph\">{\"@context\":\"https:\\\/\\\/schema.org\",\"@graph\":[{\"@type\":\"WebPage\",\"@id\":\"https:\\\/\\\/fontaneros-lamatanza.tenerife.uno\\\/\",\"url\":\"https:\\\/\\\/fontaneros-lamatanza.tenerife.uno\\\/\",\"name\":\"Fontaneros Urgente Tenerife - Servicio urgente de desatascos 24 horas en Tenerife - Fontaneros Tenerife\",\"isPartOf\":{\"@id\":\"https:\\\/\\\/fontaneros-lamatanza.tenerife.uno\\\/#website\"},\"datePublished\":\"2025-05-21T06:57:03+00:00\",\"dateModified\":\"2025-07-02T12:45:42+00:00\",\"description\":\"Detecci\u00f3n de fugas de agua con equipos de precisi\u00f3n en Tenerife \u2013 C\u00e1maras termogr\u00e1ficas. Reparaci\u00f3n reventones tuber\u00edas bajantes Tenerife.\",\"breadcrumb\":{\"@id\":\"https:\\\/\\\/fontaneros-lamatanza.tenerife.uno\\\/#breadcrumb\"},\"inLanguage\":\"es\",\"potentialAction\":[{\"@type\":\"ReadAction\",\"target\":[\"https:\\\/\\\/fontaneros-lamatanza.tenerife.uno\\\/\"]}]},{\"@type\":\"BreadcrumbList\",\"@id\":\"https:\\\/\\\/fontaneros-lamatanza.tenerife.uno\\\/#breadcrumb\",\"itemListElement\":[{\"@type\":\"ListItem\",\"position\":1,\"name\":\"Portada\",\"item\":\"https:\\\/\\\/fontaneros-lamatanza.tenerife.uno\\\/\"},{\"@type\":\"ListItem\",\"position\":2,\"name\":\"Fontaneros Urgente Tenerife &#8211; Servicio urgente de desatascos 24 horas en Tenerife\"}]},{\"@type\":\"WebSite\",\"@id\":\"https:\\\/\\\/fontaneros-lamatanza.tenerife.uno\\\/#website\",\"url\":\"https:\\\/\\\/fontaneros-lamatanza.tenerife.uno\\\/\",\"name\":\"Fontaneros Tenerife\",\"description\":\"Fontaneros urgente en Tenerife, Reparaci\u00f3n de aver\u00edas de fontaner\u00eda en Tenerife, Fontanero 24 horas en Tenerife,\",\"potentialAction\":[{\"@type\":\"SearchAction\",\"target\":{\"@type\":\"EntryPoint\",\"urlTemplate\":\"https:\\\/\\\/fontaneros-lamatanza.tenerife.uno\\\/?s={search_term_string}\"},\"query-input\":{\"@type\":\"PropertyValueSpecification\",\"valueRequired\":true,\"valueName\":\"search_term_string\"}}],\"inLanguage\":\"es\"}]}<\/script>\n<!-- \/ Yoast SEO plugin. -->","yoast_head_json":{"title":"Fontaneros Urgente Tenerife - Servicio urgente de desatascos 24 horas en Tenerife - Fontaneros Tenerife","description":"Detecci\u00f3n de fugas de agua con equipos de precisi\u00f3n en Tenerife \u2013 C\u00e1maras termogr\u00e1ficas. Reparaci\u00f3n reventones tuber\u00edas bajantes Tenerife.","robots":{"index":"noindex","follow":"follow","max-snippet":"max-snippet:-1","max-image-preview":"max-image-preview:large","max-video-preview":"max-video-preview:-1"},"og_locale":"es_ES","og_type":"article","og_title":"Fontaneros Urgente Tenerife - Servicio urgente de desatascos 24 horas en Tenerife - Fontaneros Tenerife","og_description":"Detecci\u00f3n de fugas de agua con equipos de precisi\u00f3n en Tenerife \u2013 C\u00e1maras termogr\u00e1ficas. Reparaci\u00f3n reventones tuber\u00edas bajantes Tenerife.","og_url":"https:\/\/fontaneros-lamatanza.tenerife.uno\/","og_site_name":"Fontaneros Tenerife","article_modified_time":"2025-07-02T12:45:42+00:00","twitter_card":"summary_large_image","twitter_misc":{"Tiempo de lectura":"1 minuto"},"schema":{"@context":"https:\/\/schema.org","@graph":[{"@type":"WebPage","@id":"https:\/\/fontaneros-lamatanza.tenerife.uno\/","url":"https:\/\/fontaneros-lamatanza.tenerife.uno\/","name":"Fontaneros Urgente Tenerife - Servicio urgente de desatascos 24 horas en Tenerife - Fontaneros Tenerife","isPartOf":{"@id":"https:\/\/fontaneros-lamatanza.tenerife.uno\/#website"},"datePublished":"2025-05-21T06:57:03+00:00","dateModified":"2025-07-02T12:45:42+00:00","description":"Detecci\u00f3n de fugas de agua con equipos de precisi\u00f3n en Tenerife \u2013 C\u00e1maras termogr\u00e1ficas. Reparaci\u00f3n reventones tuber\u00edas bajantes Tenerife.","breadcrumb":{"@id":"https:\/\/fontaneros-lamatanza.tenerife.uno\/#breadcrumb"},"inLanguage":"es","potentialAction":[{"@type":"ReadAction","target":["https:\/\/fontaneros-lamatanza.tenerife.uno\/"]}]},{"@type":"BreadcrumbList","@id":"https:\/\/fontaneros-lamatanza.tenerife.uno\/#breadcrumb","itemListElement":[{"@type":"ListItem","position":1,"name":"Portada","item":"https:\/\/fontaneros-lamatanza.tenerife.uno\/"},{"@type":"ListItem","position":2,"name":"Fontaneros Urgente Tenerife &#8211; Servicio urgente de desatascos 24 horas en Tenerife"}]},{"@type":"WebSite","@id":"https:\/\/fontaneros-lamatanza.tenerife.uno\/#website","url":"https:\/\/fontaneros-lamatanza.tenerife.uno\/","name":"Fontaneros Tenerife","description":"Fontaneros urgente en Tenerife, Reparaci\u00f3n de aver\u00edas de fontaner\u00eda en Tenerife, Fontanero 24 horas en Tenerife,","potentialAction":[{"@type":"SearchAction","target":{"@type":"EntryPoint","urlTemplate":"https:\/\/fontaneros-lamatanza.tenerife.uno\/?s={search_term_string}"},"query-input":{"@type":"PropertyValueSpecification","valueRequired":true,"valueName":"search_term_string"}}],"inLanguage":"es"}]}},"_links":{"self":[{"href":"https:\/\/fontaneros-lamatanza.tenerife.uno\/index.php?rest_route=\/wp\/v2\/pages\/9","targetHints":{"allow":["GET"]}}],"collection":[{"href":"https:\/\/fontaneros-lamatanza.tenerife.uno\/index.php?rest_route=\/wp\/v2\/pages"}],"about":[{"href":"https:\/\/fontaneros-lamatanza.tenerife.uno\/index.php?rest_route=\/wp\/v2\/types\/page"}],"author":[{"embeddable":true,"href":"https:\/\/fontaneros-lamatanza.tenerife.uno\/index.php?rest_route=\/wp\/v2\/users\/1"}],"replies":[{"embeddable":true,"href":"https:\/\/fontaneros-lamatanza.tenerife.uno\/index.php?rest_route=%2Fwp%2Fv2%2Fcomments&post=9"}],"version-history":[{"count":6,"href":"https:\/\/fontaneros-lamatanza.tenerife.uno\/index.php?rest_route=\/wp\/v2\/pages\/9\/revisions"}],"predecessor-version":[{"id":198,"href":"https:\/\/fontaneros-lamatanza.tenerife.uno\/index.php?rest_route=\/wp\/v2\/pages\/9\/revisions\/198"}],"wp:attachment":[{"href":"https:\/\/fontaneros-lamatanza.tenerife.uno\/index.php?rest_route=%2Fwp%2Fv2%2Fmedia&parent=9"}],"curies":[{"name":"wp","href":"https:\/\/api.w.org\/{rel}","templated":true}]}}