{"id":33,"date":"2025-05-21T07:53:11","date_gmt":"2025-05-21T07:53:11","guid":{"rendered":"https:\/\/fontaneros-lamatanza.tenerife.uno\/?page_id=33"},"modified":"2025-07-02T12:47:51","modified_gmt":"2025-07-02T12:47:51","slug":"telefono-servicio-de-urgencias","status":"publish","type":"page","link":"https:\/\/fontaneros-lamatanza.tenerife.uno\/?page_id=33","title":{"rendered":"Tel\u00e9fono Servicios de Urgencias de Fontaner\u00eda en Tenerife"},"content":{"rendered":"","protected":false},"excerpt":{"rendered":"","protected":false},"author":1,"featured_media":0,"parent":0,"menu_order":0,"comment_status":"closed","ping_status":"closed","template":"","meta":{"footnotes":""},"class_list":["post-33","page","type-page","status-publish","hentry"],"yoast_head":"<!-- This site is optimized with the Yoast SEO plugin v27.4 - https:\/\/yoast.com\/product\/yoast-seo-wordpress\/ -->\n<title>Tel\u00e9fono Servicios de Urgencias de Fontaner\u00eda en Tenerife - Fontaneros Tenerife<\/title>\n<meta name=\"description\" content=\"Tel\u00e9fono Servicios de Urgencias de Fontaner\u00eda en Tenerife. Central de fontaneros 24 horas en Tenerife. Particulares, empresas, negocios.\" \/>\n<meta name=\"robots\" content=\"noindex, follow, max-snippet:-1, max-image-preview:large, max-video-preview:-1\" \/>\n<meta property=\"og:locale\" content=\"es_ES\" \/>\n<meta property=\"og:type\" content=\"article\" \/>\n<meta property=\"og:title\" content=\"Tel\u00e9fono Servicios de Urgencias de Fontaner\u00eda en Tenerife - Fontaneros Tenerife\" \/>\n<meta property=\"og:description\" content=\"Tel\u00e9fono Servicios de Urgencias de Fontaner\u00eda en Tenerife. Central de fontaneros 24 horas en Tenerife. Particulares, empresas, negocios.\" \/>\n<meta property=\"og:url\" content=\"https:\/\/fontaneros-lamatanza.tenerife.uno\/?page_id=33\" \/>\n<meta property=\"og:site_name\" content=\"Fontaneros Tenerife\" \/>\n<meta property=\"article:modified_time\" content=\"2025-07-02T12:47:51+00:00\" \/>\n<meta name=\"twitter:card\" content=\"summary_large_image\" \/>\n<meta name=\"twitter:label1\" content=\"Tiempo de lectura\" \/>\n\t<meta name=\"twitter:data1\" content=\"1 minuto\" \/>\n<script type=\"application\/ld+json\" class=\"yoast-schema-graph\">{\"@context\":\"https:\\\/\\\/schema.org\",\"@graph\":[{\"@type\":\"WebPage\",\"@id\":\"https:\\\/\\\/fontaneros-lamatanza.tenerife.uno\\\/?page_id=33\",\"url\":\"https:\\\/\\\/fontaneros-lamatanza.tenerife.uno\\\/?page_id=33\",\"name\":\"Tel\u00e9fono Servicios de Urgencias de Fontaner\u00eda en Tenerife - Fontaneros Tenerife\",\"isPartOf\":{\"@id\":\"https:\\\/\\\/fontaneros-lamatanza.tenerife.uno\\\/#website\"},\"datePublished\":\"2025-05-21T07:53:11+00:00\",\"dateModified\":\"2025-07-02T12:47:51+00:00\",\"description\":\"Tel\u00e9fono Servicios de Urgencias de Fontaner\u00eda en Tenerife. Central de fontaneros 24 horas en Tenerife. Particulares, empresas, negocios.\",\"breadcrumb\":{\"@id\":\"https:\\\/\\\/fontaneros-lamatanza.tenerife.uno\\\/?page_id=33#breadcrumb\"},\"inLanguage\":\"es\",\"potentialAction\":[{\"@type\":\"ReadAction\",\"target\":[\"https:\\\/\\\/fontaneros-lamatanza.tenerife.uno\\\/?page_id=33\"]}]},{\"@type\":\"BreadcrumbList\",\"@id\":\"https:\\\/\\\/fontaneros-lamatanza.tenerife.uno\\\/?page_id=33#breadcrumb\",\"itemListElement\":[{\"@type\":\"ListItem\",\"position\":1,\"name\":\"Portada\",\"item\":\"https:\\\/\\\/fontaneros-lamatanza.tenerife.uno\\\/\"},{\"@type\":\"ListItem\",\"position\":2,\"name\":\"Tel\u00e9fono Servicios de Urgencias de Fontaner\u00eda en Tenerife\"}]},{\"@type\":\"WebSite\",\"@id\":\"https:\\\/\\\/fontaneros-lamatanza.tenerife.uno\\\/#website\",\"url\":\"https:\\\/\\\/fontaneros-lamatanza.tenerife.uno\\\/\",\"name\":\"Fontaneros Tenerife\",\"description\":\"Fontaneros urgente en Tenerife, Reparaci\u00f3n de aver\u00edas de fontaner\u00eda en Tenerife, Fontanero 24 horas en Tenerife,\",\"potentialAction\":[{\"@type\":\"SearchAction\",\"target\":{\"@type\":\"EntryPoint\",\"urlTemplate\":\"https:\\\/\\\/fontaneros-lamatanza.tenerife.uno\\\/?s={search_term_string}\"},\"query-input\":{\"@type\":\"PropertyValueSpecification\",\"valueRequired\":true,\"valueName\":\"search_term_string\"}}],\"inLanguage\":\"es\"}]}<\/script>\n<!-- \/ Yoast SEO plugin. -->","yoast_head_json":{"title":"Tel\u00e9fono Servicios de Urgencias de Fontaner\u00eda en Tenerife - Fontaneros Tenerife","description":"Tel\u00e9fono Servicios de Urgencias de Fontaner\u00eda en Tenerife. Central de fontaneros 24 horas en Tenerife. Particulares, empresas, negocios.","robots":{"index":"noindex","follow":"follow","max-snippet":"max-snippet:-1","max-image-preview":"max-image-preview:large","max-video-preview":"max-video-preview:-1"},"og_locale":"es_ES","og_type":"article","og_title":"Tel\u00e9fono Servicios de Urgencias de Fontaner\u00eda en Tenerife - Fontaneros Tenerife","og_description":"Tel\u00e9fono Servicios de Urgencias de Fontaner\u00eda en Tenerife. Central de fontaneros 24 horas en Tenerife. Particulares, empresas, negocios.","og_url":"https:\/\/fontaneros-lamatanza.tenerife.uno\/?page_id=33","og_site_name":"Fontaneros Tenerife","article_modified_time":"2025-07-02T12:47:51+00:00","twitter_card":"summary_large_image","twitter_misc":{"Tiempo de lectura":"1 minuto"},"schema":{"@context":"https:\/\/schema.org","@graph":[{"@type":"WebPage","@id":"https:\/\/fontaneros-lamatanza.tenerife.uno\/?page_id=33","url":"https:\/\/fontaneros-lamatanza.tenerife.uno\/?page_id=33","name":"Tel\u00e9fono Servicios de Urgencias de Fontaner\u00eda en Tenerife - Fontaneros Tenerife","isPartOf":{"@id":"https:\/\/fontaneros-lamatanza.tenerife.uno\/#website"},"datePublished":"2025-05-21T07:53:11+00:00","dateModified":"2025-07-02T12:47:51+00:00","description":"Tel\u00e9fono Servicios de Urgencias de Fontaner\u00eda en Tenerife. Central de fontaneros 24 horas en Tenerife. Particulares, empresas, negocios.","breadcrumb":{"@id":"https:\/\/fontaneros-lamatanza.tenerife.uno\/?page_id=33#breadcrumb"},"inLanguage":"es","potentialAction":[{"@type":"ReadAction","target":["https:\/\/fontaneros-lamatanza.tenerife.uno\/?page_id=33"]}]},{"@type":"BreadcrumbList","@id":"https:\/\/fontaneros-lamatanza.tenerife.uno\/?page_id=33#breadcrumb","itemListElement":[{"@type":"ListItem","position":1,"name":"Portada","item":"https:\/\/fontaneros-lamatanza.tenerife.uno\/"},{"@type":"ListItem","position":2,"name":"Tel\u00e9fono Servicios de Urgencias de Fontaner\u00eda en Tenerife"}]},{"@type":"WebSite","@id":"https:\/\/fontaneros-lamatanza.tenerife.uno\/#website","url":"https:\/\/fontaneros-lamatanza.tenerife.uno\/","name":"Fontaneros Tenerife","description":"Fontaneros urgente en Tenerife, Reparaci\u00f3n de aver\u00edas de fontaner\u00eda en Tenerife, Fontanero 24 horas en Tenerife,","potentialAction":[{"@type":"SearchAction","target":{"@type":"EntryPoint","urlTemplate":"https:\/\/fontaneros-lamatanza.tenerife.uno\/?s={search_term_string}"},"query-input":{"@type":"PropertyValueSpecification","valueRequired":true,"valueName":"search_term_string"}}],"inLanguage":"es"}]}},"_links":{"self":[{"href":"https:\/\/fontaneros-lamatanza.tenerife.uno\/index.php?rest_route=\/wp\/v2\/pages\/33","targetHints":{"allow":["GET"]}}],"collection":[{"href":"https:\/\/fontaneros-lamatanza.tenerife.uno\/index.php?rest_route=\/wp\/v2\/pages"}],"about":[{"href":"https:\/\/fontaneros-lamatanza.tenerife.uno\/index.php?rest_route=\/wp\/v2\/types\/page"}],"author":[{"embeddable":true,"href":"https:\/\/fontaneros-lamatanza.tenerife.uno\/index.php?rest_route=\/wp\/v2\/users\/1"}],"replies":[{"embeddable":true,"href":"https:\/\/fontaneros-lamatanza.tenerife.uno\/index.php?rest_route=%2Fwp%2Fv2%2Fcomments&post=33"}],"version-history":[{"count":6,"href":"https:\/\/fontaneros-lamatanza.tenerife.uno\/index.php?rest_route=\/wp\/v2\/pages\/33\/revisions"}],"predecessor-version":[{"id":200,"href":"https:\/\/fontaneros-lamatanza.tenerife.uno\/index.php?rest_route=\/wp\/v2\/pages\/33\/revisions\/200"}],"wp:attachment":[{"href":"https:\/\/fontaneros-lamatanza.tenerife.uno\/index.php?rest_route=%2Fwp%2Fv2%2Fmedia&parent=33"}],"curies":[{"name":"wp","href":"https:\/\/api.w.org\/{rel}","templated":true}]}}